{"id":115,"date":"2025-09-01T12:52:48","date_gmt":"2025-09-01T12:52:48","guid":{"rendered":"https:\/\/k25154.elephant-staging.de\/?page_id=115"},"modified":"2025-11-12T14:04:35","modified_gmt":"2025-11-12T14:04:35","slug":"know","status":"publish","type":"page","link":"https:\/\/www.gume.de\/en\/wissen\/","title":{"rendered":"Knowledge"},"content":{"rendered":"<div data-elementor-type=\"wp-page\" data-elementor-id=\"115\" class=\"elementor elementor-115\" data-elementor-post-type=\"page\">\n\t\t\t\t<div class=\"elementor-element elementor-element-686ad0b e-con-full hero-cut e-flex e-con e-parent\" data-id=\"686ad0b\" data-element_type=\"container\" data-e-type=\"container\" data-settings=\"{&quot;jet_parallax_layout_list&quot;:[],&quot;background_background&quot;:&quot;classic&quot;}\">\n\t\t<div class=\"elementor-element elementor-element-3421c99 e-con-full e-flex e-con e-child\" data-id=\"3421c99\" data-element_type=\"container\" data-e-type=\"container\" data-settings=\"{&quot;jet_parallax_layout_list&quot;:[]}\">\n\t\t\t\t<div class=\"elementor-element elementor-element-628f76c elementor-widget__width-initial elementor-invisible elementor-widget elementor-widget-heading\" data-id=\"628f76c\" data-element_type=\"widget\" data-e-type=\"widget\" data-settings=\"{&quot;_animation&quot;:&quot;fadeInLeft&quot;}\" data-widget_type=\"heading.default\">\n\t\t\t\t\t<h1 class=\"elementor-heading-title elementor-size-default\">Knowledge about <span style=\"color:#539E04\">Rubber technology &amp; toolmaking <\/span><\/h1>\t\t\t\t<\/div>\n\t\t\t\t<div class=\"elementor-element elementor-element-5a2f011 elementor-widget__width-initial elementor-widget-mobile__width-inherit elementor-invisible elementor-widget elementor-widget-text-editor\" data-id=\"5a2f011\" data-element_type=\"widget\" data-e-type=\"widget\" data-settings=\"{&quot;_animation&quot;:&quot;fadeInLeft&quot;}\" data-widget_type=\"text-editor.default\">\n\t\t\t\t\t\t\t\t\t<p>Our knowledge base brings together technical expertise, material science and practical know-how from over 30 years of experience. Here you will find answers to technical questions, precise explanations of terms and in-depth articles on processes, materials and applications.<\/p>\t\t\t\t\t\t\t\t<\/div>\n\t\t\t\t<\/div>\n\t\t\t\t<\/div>\n\t\t<div class=\"elementor-element elementor-element-dc5fb77 e-flex e-con-boxed e-con e-parent\" data-id=\"dc5fb77\" data-element_type=\"container\" data-e-type=\"container\" data-settings=\"{&quot;jet_parallax_layout_list&quot;:[],&quot;background_background&quot;:&quot;classic&quot;}\">\n\t\t\t\t\t<div class=\"e-con-inner\">\n\t\t<div class=\"elementor-element elementor-element-7f1f664 e-con-full e-flex elementor-invisible e-con e-child\" data-id=\"7f1f664\" data-element_type=\"container\" data-e-type=\"container\" data-settings=\"{&quot;jet_parallax_layout_list&quot;:[],&quot;animation&quot;:&quot;fadeInLeft&quot;,&quot;background_background&quot;:&quot;classic&quot;}\">\n\t\t\t\t<div class=\"elementor-element elementor-element-e07885d image-cut-topright elementor-widget elementor-widget-image\" data-id=\"e07885d\" data-element_type=\"widget\" data-e-type=\"widget\" data-widget_type=\"image.default\">\n\t\t\t\t\t\t\t\t\t\t\t\t\t\t\t<img fetchpriority=\"high\" decoding=\"async\" width=\"800\" height=\"534\" src=\"https:\/\/www.gume.de\/wp-content\/uploads\/pawel-czerwinski-s2YRJnAih-w-unsplash-1024x683.jpg\" class=\"attachment-large size-large wp-image-5374\" alt=\"Created image of liquid rubber\" srcset=\"https:\/\/www.gume.de\/wp-content\/uploads\/pawel-czerwinski-s2YRJnAih-w-unsplash-1024x683.jpg 1024w, https:\/\/www.gume.de\/wp-content\/uploads\/pawel-czerwinski-s2YRJnAih-w-unsplash-300x200.jpg 300w, https:\/\/www.gume.de\/wp-content\/uploads\/pawel-czerwinski-s2YRJnAih-w-unsplash-768x512.jpg 768w, https:\/\/www.gume.de\/wp-content\/uploads\/pawel-czerwinski-s2YRJnAih-w-unsplash-1536x1024.jpg 1536w, https:\/\/www.gume.de\/wp-content\/uploads\/pawel-czerwinski-s2YRJnAih-w-unsplash-scaled.jpg 2048w, https:\/\/www.gume.de\/wp-content\/uploads\/pawel-czerwinski-s2YRJnAih-w-unsplash-18x12.jpg 18w\" sizes=\"(max-width: 800px) 100vw, 800px\" \/>\t\t\t\t\t\t\t\t\t\t\t\t\t\t\t<\/div>\n\t\t\t\t<\/div>\n\t\t<div class=\"elementor-element elementor-element-0dd796c e-con-full e-flex elementor-invisible e-con e-child\" data-id=\"0dd796c\" data-element_type=\"container\" data-e-type=\"container\" data-settings=\"{&quot;jet_parallax_layout_list&quot;:[],&quot;animation&quot;:&quot;fadeInRight&quot;}\">\n\t\t\t\t<div class=\"elementor-element elementor-element-55b1151 elementor-widget elementor-widget-heading\" data-id=\"55b1151\" data-element_type=\"widget\" data-e-type=\"widget\" data-widget_type=\"heading.default\">\n\t\t\t\t\t<h2 class=\"elementor-heading-title elementor-size-default\"> <span style=\"color:#539E04\"> Glossary rubber technology  <\/span>- 130+ technical terms, clearly explained<\/h2>\t\t\t\t<\/div>\n\t\t\t\t<div class=\"elementor-element elementor-element-6cb000b elementor-widget elementor-widget-text-editor\" data-id=\"6cb000b\" data-element_type=\"widget\" data-e-type=\"widget\" data-widget_type=\"text-editor.default\">\n\t\t\t\t\t\t\t\t\t<p>Terms relating to elastomers, materials and processes, compact, correct and practical. The glossary provides quick answers and creates a common technical understanding in everyday project work.<\/p>\t\t\t\t\t\t\t\t<\/div>\n\t\t\t\t<div class=\"elementor-element elementor-element-0975d25 elementor-mobile-align-justify elementor-align-left elementor-widget__width-inherit elementor-widget elementor-widget-button\" data-id=\"0975d25\" data-element_type=\"widget\" data-e-type=\"widget\" data-settings=\"{&quot;_animation_mobile&quot;:&quot;fadeInLeft&quot;}\" data-widget_type=\"button.default\">\n\t\t\t\t\t\t\t\t\t\t<a class=\"elementor-button elementor-button-link elementor-size-sm elementor-animation-grow\" href=\"https:\/\/www.gume.de\/en\/wissen\/glossar\/\">\n\t\t\t\t\t\t<span class=\"elementor-button-content-wrapper\">\n\t\t\t\t\t\t\t\t\t<span class=\"elementor-button-text\">To the glossary<\/span>\n\t\t\t\t\t<\/span>\n\t\t\t\t\t<\/a>\n\t\t\t\t\t\t\t\t<\/div>\n\t\t\t\t<\/div>\n\t\t\t\t<div class=\"elementor-element elementor-element-84dd64f elementor-absolute elementor-widget elementor-widget-image\" data-id=\"84dd64f\" data-element_type=\"widget\" data-e-type=\"widget\" data-settings=\"{&quot;_position&quot;:&quot;absolute&quot;}\" data-widget_type=\"image.default\">\n\t\t\t\t\t\t\t\t\t\t\t\t\t\t\t<img decoding=\"async\" width=\"733\" height=\"1024\" src=\"https:\/\/www.gume.de\/wp-content\/uploads\/Vector-733x1024.png\" class=\"attachment-large size-large wp-image-163\" alt=\"GuMe Logo\" srcset=\"https:\/\/www.gume.de\/wp-content\/uploads\/Vector-733x1024.png 733w, https:\/\/www.gume.de\/wp-content\/uploads\/Vector-215x300.png 215w, https:\/\/www.gume.de\/wp-content\/uploads\/Vector-768x1073.png 768w, https:\/\/www.gume.de\/wp-content\/uploads\/Vector-1100x1536.png 1100w, https:\/\/www.gume.de\/wp-content\/uploads\/Vector-1466x2048.png 1466w, https:\/\/www.gume.de\/wp-content\/uploads\/Vector-scaled.png 1833w\" sizes=\"(max-width: 733px) 100vw, 733px\" \/>\t\t\t\t\t\t\t\t\t\t\t\t\t\t\t<\/div>\n\t\t\t\t\t<\/div>\n\t\t\t\t<\/div>\n\t\t<div class=\"elementor-element elementor-element-4bb5212 e-flex e-con-boxed e-con e-parent\" data-id=\"4bb5212\" data-element_type=\"container\" data-e-type=\"container\" data-settings=\"{&quot;jet_parallax_layout_list&quot;:[],&quot;background_background&quot;:&quot;classic&quot;}\">\n\t\t\t\t\t<div class=\"e-con-inner\">\n\t\t<div class=\"elementor-element elementor-element-bd6ed42 e-con-full e-flex elementor-invisible e-con e-child\" data-id=\"bd6ed42\" data-element_type=\"container\" data-e-type=\"container\" data-settings=\"{&quot;jet_parallax_layout_list&quot;:[],&quot;animation&quot;:&quot;fadeInLeft&quot;,&quot;background_background&quot;:&quot;classic&quot;}\">\n\t\t\t\t<div class=\"elementor-element elementor-element-03ae789 image-cut-topright elementor-widget elementor-widget-image\" data-id=\"03ae789\" data-element_type=\"widget\" data-e-type=\"widget\" data-widget_type=\"image.default\">\n\t\t\t\t\t\t\t\t\t\t\t\t\t\t\t<img decoding=\"async\" width=\"800\" height=\"532\" src=\"https:\/\/www.gume.de\/wp-content\/uploads\/DSC_2030-1024x681.jpg\" class=\"attachment-large size-large wp-image-3434\" alt=\"Mould that produces a rubber-metal composite part\" srcset=\"https:\/\/www.gume.de\/wp-content\/uploads\/DSC_2030-1024x681.jpg 1024w, https:\/\/www.gume.de\/wp-content\/uploads\/DSC_2030-300x200.jpg 300w, https:\/\/www.gume.de\/wp-content\/uploads\/DSC_2030-768x511.jpg 768w, https:\/\/www.gume.de\/wp-content\/uploads\/DSC_2030-1536x1022.jpg 1536w, https:\/\/www.gume.de\/wp-content\/uploads\/DSC_2030-scaled.jpg 2048w\" sizes=\"(max-width: 800px) 100vw, 800px\" \/>\t\t\t\t\t\t\t\t\t\t\t\t\t\t\t<\/div>\n\t\t\t\t<\/div>\n\t\t<div class=\"elementor-element elementor-element-2e59d17 e-con-full e-flex elementor-invisible e-con e-child\" data-id=\"2e59d17\" data-element_type=\"container\" data-e-type=\"container\" data-settings=\"{&quot;jet_parallax_layout_list&quot;:[],&quot;animation&quot;:&quot;fadeInRight&quot;}\">\n\t\t\t\t<div class=\"elementor-element elementor-element-7aba290 elementor-widget elementor-widget-heading\" data-id=\"7aba290\" data-element_type=\"widget\" data-e-type=\"widget\" data-widget_type=\"heading.default\">\n\t\t\t\t\t<h2 class=\"elementor-heading-title elementor-size-default\"> <span style=\"color:#539E04\"> Knowledge Database <\/span>- Understanding technology, improving solutions<\/h2>\t\t\t\t<\/div>\n\t\t\t\t<div class=\"elementor-element elementor-element-772c3ef elementor-widget elementor-widget-text-editor\" data-id=\"772c3ef\" data-element_type=\"widget\" data-e-type=\"widget\" data-widget_type=\"text-editor.default\">\n\t\t\t\t\t\t\t\t\t<p>In-depth technical articles on materials, processes and applications. Clearly presented, regularly expanded and with cross-references to the glossary for maximum depth of content.<\/p>\t\t\t\t\t\t\t\t<\/div>\n\t\t\t\t<div class=\"elementor-element elementor-element-5d1c152 elementor-mobile-align-justify elementor-align-left elementor-widget__width-inherit elementor-widget elementor-widget-button\" data-id=\"5d1c152\" data-element_type=\"widget\" data-e-type=\"widget\" data-settings=\"{&quot;_animation_mobile&quot;:&quot;fadeInLeft&quot;}\" data-widget_type=\"button.default\">\n\t\t\t\t\t\t\t\t\t\t<a class=\"elementor-button elementor-button-link elementor-size-sm elementor-animation-grow\" href=\"https:\/\/www.gume.de\/en\/wissen\/wissensdatenbank\/\">\n\t\t\t\t\t\t<span class=\"elementor-button-content-wrapper\">\n\t\t\t\t\t\t\t\t\t<span class=\"elementor-button-text\">To the technical articles<\/span>\n\t\t\t\t\t<\/span>\n\t\t\t\t\t<\/a>\n\t\t\t\t\t\t\t\t<\/div>\n\t\t\t\t<\/div>\n\t\t\t\t\t<\/div>\n\t\t\t\t<\/div>\n\t\t<div class=\"elementor-element elementor-element-25b4e74 e-con-full e-flex e-con e-parent\" data-id=\"25b4e74\" data-element_type=\"container\" data-e-type=\"container\" data-settings=\"{&quot;jet_parallax_layout_list&quot;:[],&quot;background_background&quot;:&quot;classic&quot;}\">\n\t\t<div class=\"elementor-element elementor-element-3783cb7 e-con-full e-flex e-con e-child\" data-id=\"3783cb7\" data-element_type=\"container\" data-e-type=\"container\" data-settings=\"{&quot;jet_parallax_layout_list&quot;:[]}\">\n\t\t\t\t<div class=\"elementor-element elementor-element-b03f785 elementor-invisible elementor-widget elementor-widget-heading\" data-id=\"b03f785\" data-element_type=\"widget\" data-e-type=\"widget\" data-settings=\"{&quot;_animation&quot;:&quot;fadeInDown&quot;}\" data-widget_type=\"heading.default\">\n\t\t\t\t\t<h5 class=\"elementor-heading-title elementor-size-default\"><span style=\"color:#539E04\">Reliable Production:<\/span> We combine individual solutions with reliable partnerships.<\/h5>\t\t\t\t<\/div>\n\t\t\t\t<div class=\"elementor-element elementor-element-15a068b elementor-align-center elementor-mobile-align-start elementor-icon-list--layout-traditional elementor-list-item-link-full_width elementor-invisible elementor-widget elementor-widget-icon-list\" data-id=\"15a068b\" data-element_type=\"widget\" data-e-type=\"widget\" data-settings=\"{&quot;_animation&quot;:&quot;fadeInDown&quot;}\" data-widget_type=\"icon-list.default\">\n\t\t\t\t\t\t\t<ul class=\"elementor-icon-list-items\">\n\t\t\t\t\t\t\t<li class=\"elementor-icon-list-item\">\n\t\t\t\t\t\t\t\t\t\t\t<span class=\"elementor-icon-list-icon\">\n\t\t\t\t\t\t\t<svg xmlns=\"http:\/\/www.w3.org\/2000\/svg\" width=\"30\" height=\"29\" viewbox=\"0 0 30 29\" fill=\"none\"><path d=\"M15.001 0.166992C22.9171 0.166992 29.334 6.58392 29.334 14.5C29.334 22.4161 22.9171 28.833 15.001 28.833C7.08489 28.833 0.667969 22.4161 0.667969 14.5C0.667969 6.58392 7.08489 0.166993 15.001 0.166992ZM21.5039 9.19336C21.1504 8.5477 20.3402 8.31084 19.6943 8.66406C17.2563 9.99753 15.2403 12.5709 13.8848 14.6465C13.3839 15.4135 12.9557 16.1398 12.6133 16.7549C12.2939 16.445 11.9772 16.1758 11.6943 15.9521C11.3242 15.6596 10.9909 15.4286 10.748 15.2695L10.3281 15.0088C9.6885 14.6441 8.87454 14.8672 8.50977 15.5068C8.14529 16.1463 8.36762 16.9603 9.00684 17.3252L9.28711 17.5C9.47752 17.6247 9.74459 17.8096 10.041 18.0439C10.6511 18.5263 11.3093 19.1589 11.7236 19.8516C11.9779 20.2765 12.4469 20.5253 12.9414 20.498C13.4356 20.4707 13.874 20.1716 14.0801 19.7217L14.2119 19.4473C14.3022 19.2627 14.4374 18.9925 14.6133 18.6602C14.9659 17.994 15.4783 17.0829 16.1172 16.1045C17.4283 14.0969 19.1461 12.0029 20.9746 11.0029C21.6203 10.6495 21.8571 9.83929 21.5039 9.19336Z\" fill=\"white\"><\/path><\/svg>\t\t\t\t\t\t<\/span>\n\t\t\t\t\t\t\t\t\t\t<span class=\"elementor-icon-list-text\">100% custom-engineered component geometries<\/span>\n\t\t\t\t\t\t\t\t\t<\/li>\n\t\t\t\t\t\t\t\t<li class=\"elementor-icon-list-item\">\n\t\t\t\t\t\t\t\t\t\t\t<span class=\"elementor-icon-list-icon\">\n\t\t\t\t\t\t\t<svg xmlns=\"http:\/\/www.w3.org\/2000\/svg\" width=\"30\" height=\"29\" viewbox=\"0 0 30 29\" fill=\"none\"><path d=\"M15.001 0.166992C22.9171 0.166992 29.334 6.58392 29.334 14.5C29.334 22.4161 22.9171 28.833 15.001 28.833C7.08489 28.833 0.667969 22.4161 0.667969 14.5C0.667969 6.58392 7.08489 0.166993 15.001 0.166992ZM21.5039 9.19336C21.1504 8.5477 20.3402 8.31084 19.6943 8.66406C17.2563 9.99753 15.2403 12.5709 13.8848 14.6465C13.3839 15.4135 12.9557 16.1398 12.6133 16.7549C12.2939 16.445 11.9772 16.1758 11.6943 15.9521C11.3242 15.6596 10.9909 15.4286 10.748 15.2695L10.3281 15.0088C9.6885 14.6441 8.87454 14.8672 8.50977 15.5068C8.14529 16.1463 8.36762 16.9603 9.00684 17.3252L9.28711 17.5C9.47752 17.6247 9.74459 17.8096 10.041 18.0439C10.6511 18.5263 11.3093 19.1589 11.7236 19.8516C11.9779 20.2765 12.4469 20.5253 12.9414 20.498C13.4356 20.4707 13.874 20.1716 14.0801 19.7217L14.2119 19.4473C14.3022 19.2627 14.4374 18.9925 14.6133 18.6602C14.9659 17.994 15.4783 17.0829 16.1172 16.1045C17.4283 14.0969 19.1461 12.0029 20.9746 11.0029C21.6203 10.6495 21.8571 9.83929 21.5039 9.19336Z\" fill=\"white\"><\/path><\/svg>\t\t\t\t\t\t<\/span>\n\t\t\t\t\t\t\t\t\t\t<span class=\"elementor-icon-list-text\">Reliable, on-time delivery<\/span>\n\t\t\t\t\t\t\t\t\t<\/li>\n\t\t\t\t\t\t\t\t<li class=\"elementor-icon-list-item\">\n\t\t\t\t\t\t\t\t\t\t\t<span class=\"elementor-icon-list-icon\">\n\t\t\t\t\t\t\t<svg xmlns=\"http:\/\/www.w3.org\/2000\/svg\" width=\"30\" height=\"29\" viewbox=\"0 0 30 29\" fill=\"none\"><path d=\"M15.001 0.166992C22.9171 0.166992 29.334 6.58392 29.334 14.5C29.334 22.4161 22.9171 28.833 15.001 28.833C7.08489 28.833 0.667969 22.4161 0.667969 14.5C0.667969 6.58392 7.08489 0.166993 15.001 0.166992ZM21.5039 9.19336C21.1504 8.5477 20.3402 8.31084 19.6943 8.66406C17.2563 9.99753 15.2403 12.5709 13.8848 14.6465C13.3839 15.4135 12.9557 16.1398 12.6133 16.7549C12.2939 16.445 11.9772 16.1758 11.6943 15.9521C11.3242 15.6596 10.9909 15.4286 10.748 15.2695L10.3281 15.0088C9.6885 14.6441 8.87454 14.8672 8.50977 15.5068C8.14529 16.1463 8.36762 16.9603 9.00684 17.3252L9.28711 17.5C9.47752 17.6247 9.74459 17.8096 10.041 18.0439C10.6511 18.5263 11.3093 19.1589 11.7236 19.8516C11.9779 20.2765 12.4469 20.5253 12.9414 20.498C13.4356 20.4707 13.874 20.1716 14.0801 19.7217L14.2119 19.4473C14.3022 19.2627 14.4374 18.9925 14.6133 18.6602C14.9659 17.994 15.4783 17.0829 16.1172 16.1045C17.4283 14.0969 19.1461 12.0029 20.9746 11.0029C21.6203 10.6495 21.8571 9.83929 21.5039 9.19336Z\" fill=\"white\"><\/path><\/svg>\t\t\t\t\t\t<\/span>\n\t\t\t\t\t\t\t\t\t\t<span class=\"elementor-icon-list-text\">GUME as your proactive, reliable, and transparent partner<\/span>\n\t\t\t\t\t\t\t\t\t<\/li>\n\t\t\t\t\t\t<\/ul>\n\t\t\t\t\t\t<\/div>\n\t\t\t\t<div class=\"elementor-element elementor-element-15e9a77 elementor-mobile-align-justify elementor-align-center elementor-widget__width-inherit elementor-widget elementor-widget-button\" data-id=\"15e9a77\" data-element_type=\"widget\" data-e-type=\"widget\" data-settings=\"{&quot;_animation_mobile&quot;:&quot;fadeInLeft&quot;}\" data-widget_type=\"button.default\">\n\t\t\t\t\t\t\t\t\t\t<a class=\"elementor-button elementor-button-link elementor-size-sm elementor-animation-grow\" href=\"https:\/\/www.gume.de\/en\/kontakt\/\">\n\t\t\t\t\t\t<span class=\"elementor-button-content-wrapper\">\n\t\t\t\t\t\t\t\t\t<span class=\"elementor-button-text\">Talk to our experts<\/span>\n\t\t\t\t\t<\/span>\n\t\t\t\t\t<\/a>\n\t\t\t\t\t\t\t\t<\/div>\n\t\t\t\t<\/div>\n\t\t\t\t<\/div>\n\t\t\t\t<\/div>","protected":false},"excerpt":{"rendered":"<p>Wissen rund um Gummitechnik &amp; Werkzeugbau Unsere Knowledge-Base b\u00fcndelt technisches Fachwissen, Materialkunde und Praxis-Know-how aus \u00fcber 30 Jahren Erfahrung. Hier finden Sie Antworten auf Fachfragen, pr\u00e4zise Erkl\u00e4rungen zu Begriffen und vertiefende Artikel zu Verfahren, Werkstoffen und Anwendungen. Glossar Gummitechnik \u2013 130+ Fachbegriffe, klar erkl\u00e4rt Begriffe zu Elastomeren, Werkstoffen und Verfahren, kompakt, korrekt und praxisnah. Das [&hellip;]<\/p>\n","protected":false},"author":1,"featured_media":0,"parent":0,"menu_order":0,"comment_status":"closed","ping_status":"closed","template":"","meta":{"_seopress_robots_primary_cat":"0","_seopress_titles_title":"Wissen und Glossar-Artikel f\u00fcr Gummitechnik &amp; Werkzeugbau","_seopress_titles_desc":"Fachwissen, Glossar-Begriffe und Artikel zu Gummitechnik und Werkzeugbau \u2013 pr\u00e4zise erkl\u00e4rt, praxisnah aufbereitet und laufend erweitert.","_seopress_robots_index":"","footnotes":""},"class_list":["post-115","page","type-page","status-publish","hentry"],"_links":{"self":[{"href":"https:\/\/www.gume.de\/en\/wp-json\/wp\/v2\/pages\/115","targetHints":{"allow":["GET"]}}],"collection":[{"href":"https:\/\/www.gume.de\/en\/wp-json\/wp\/v2\/pages"}],"about":[{"href":"https:\/\/www.gume.de\/en\/wp-json\/wp\/v2\/types\/page"}],"author":[{"embeddable":true,"href":"https:\/\/www.gume.de\/en\/wp-json\/wp\/v2\/users\/1"}],"replies":[{"embeddable":true,"href":"https:\/\/www.gume.de\/en\/wp-json\/wp\/v2\/comments?post=115"}],"version-history":[{"count":18,"href":"https:\/\/www.gume.de\/en\/wp-json\/wp\/v2\/pages\/115\/revisions"}],"predecessor-version":[{"id":5775,"href":"https:\/\/www.gume.de\/en\/wp-json\/wp\/v2\/pages\/115\/revisions\/5775"}],"wp:attachment":[{"href":"https:\/\/www.gume.de\/en\/wp-json\/wp\/v2\/media?parent=115"}],"curies":[{"name":"wp","href":"https:\/\/api.w.org\/{rel}","templated":true}]}}